{"id":2,"date":"2018-07-16T11:50:33","date_gmt":"2018-07-16T09:50:33","guid":{"rendered":"http:\/\/sudformation.com\/?page_id=2"},"modified":"2025-04-28T17:29:03","modified_gmt":"2025-04-28T15:29:03","slug":"page-d-exemple","status":"publish","type":"page","link":"https:\/\/sudformation.com\/","title":{"rendered":"Accueil"},"content":{"rendered":"[et_pb_section fb_built=\u00a0\u00bb1&Prime; fullwidth=\u00a0\u00bbon\u00a0\u00bb _builder_version=\u00a0\u00bb4.16&Prime; global_colors_info=\u00a0\u00bb{}\u00a0\u00bb][et_pb_fullwidth_image src=\u00a0\u00bbhttps:\/\/sudformation.com\/wp-content\/uploads\/2023\/11\/qua.png\u00a0\u00bb title_text=\u00a0\u00bbqua\u00a0\u00bb _builder_version=\u00a0\u00bb4.16&Prime; global_colors_info=\u00a0\u00bb{}\u00a0\u00bb][\/et_pb_fullwidth_image][\/et_pb_section][et_pb_section fb_built=\u00a0\u00bb1&Prime; _builder_version=\u00a0\u00bb4.16&Prime; global_colors_info=\u00a0\u00bb{}\u00a0\u00bb][et_pb_row _builder_version=\u00a0\u00bb4.23&Prime; _module_preset=\u00a0\u00bbdefault\u00a0\u00bb column_structure=\u00a0\u00bb1_3,1_3,1_3&Prime;][et_pb_column _builder_version=\u00a0\u00bb4.23&Prime; _module_preset=\u00a0\u00bbdefault\u00a0\u00bb type=\u00a0\u00bb1_3&Prime;][et_pb_text _builder_version=\u00a0\u00bb4.23&Prime; _module_preset=\u00a0\u00bbdefault\u00a0\u00bb hover_enabled=\u00a0\u00bb0&Prime; sticky_enabled=\u00a0\u00bb0&Prime;]\n<h2>SFI et SFS<\/h2>\n<h2>Centre partenaire Certifications Le Robert FLM et Bureautique ENI<\/h2>\n[\/et_pb_text][\/et_pb_column][et_pb_column _builder_version=\u00a0\u00bb4.23&Prime; _module_preset=\u00a0\u00bbdefault\u00a0\u00bb type=\u00a0\u00bb1_3&Prime;][et_pb_image src=\u00a0\u00bbhttps:\/\/sudformation.com\/wp-content\/uploads\/2025\/04\/Logo-Certification-Le-Robert-L500-300&#215;140-1.png\u00a0\u00bb _builder_version=\u00a0\u00bb4.23&Prime; _module_preset=\u00a0\u00bbdefault\u00a0\u00bb title_text=\u00a0\u00bbLogo-Certification-Le-Robert-L500-300&#215;140&Prime; hover_enabled=\u00a0\u00bb0&Prime; sticky_enabled=\u00a0\u00bb0&Prime;][\/et_pb_image][\/et_pb_column][et_pb_column _builder_version=\u00a0\u00bb4.23&Prime; _module_preset=\u00a0\u00bbdefault\u00a0\u00bb type=\u00a0\u00bb1_3&Prime;][et_pb_image src=\u00a0\u00bbhttps:\/\/sudformation.com\/wp-content\/uploads\/2025\/04\/1631301082621.jpg\u00a0\u00bb _builder_version=\u00a0\u00bb4.23&Prime; _module_preset=\u00a0\u00bbdefault\u00a0\u00bb title_text=\u00a0\u00bb1631301082621&Prime; hover_enabled=\u00a0\u00bb0&Prime; sticky_enabled=\u00a0\u00bb0&Prime;][\/et_pb_image][\/et_pb_column][\/et_pb_row][\/et_pb_section][et_pb_section fb_built=\u00a0\u00bb1&Prime; _builder_version=\u00a0\u00bb4.16&Prime; custom_padding=\u00a0\u00bb0px||0px|\u00a0\u00bb global_colors_info=\u00a0\u00bb{}\u00a0\u00bb][et_pb_row _builder_version=\u00a0\u00bb4.16&Prime; background_size=\u00a0\u00bbinitial\u00a0\u00bb background_position=\u00a0\u00bbtop_left\u00a0\u00bb background_repeat=\u00a0\u00bbrepeat\u00a0\u00bb global_colors_info=\u00a0\u00bb{}\u00a0\u00bb][et_pb_column type=\u00a0\u00bb4_4&Prime; _builder_version=\u00a0\u00bb4.16&Prime; custom_padding=\u00a0\u00bb|||\u00a0\u00bb global_colors_info=\u00a0\u00bb{}\u00a0\u00bb custom_padding__hover=\u00a0\u00bb|||\u00a0\u00bb][et_pb_text _builder_version=\u00a0\u00bb4.23&Prime; text_text_color=\u00a0\u00bb#1f023e\u00a0\u00bb header_text_color=\u00a0\u00bbrgba(0,0,0,0.7)\u00a0\u00bb width=\u00a0\u00bb81%\u00a0\u00bb animation_style=\u00a0\u00bbzoom\u00a0\u00bb hover_enabled=\u00a0\u00bb0&Prime; global_colors_info=\u00a0\u00bb{}\u00a0\u00bb sticky_enabled=\u00a0\u00bb0&Prime;]\n<h1>Sud Formation, SFS et SFI : sp\u00e9cialistes de la formation professionnelle continue depuis 1994.<\/h1>\n<p>&nbsp;<\/p>\n<p>En 2020 : 721 actes de Formation &#8211; 1235 personnes form\u00e9es &#8211; taux satisfaction client : 98 % &#8211; r\u00e9sultats de l&rsquo;\u00e9valuation des acquis : 95 %<\/p>\n<p>En 2021 : 895 actes de Formation &#8211; 1632 personnes form\u00e9es &#8211; taux satisfaction client : 99 % &#8211; r\u00e9sultats de l&rsquo;\u00e9valuation des acquis : 97 %<\/p>\n<p>En 2022 : 1211 actes de Formation &#8211; 2232 personnes form\u00e9es &#8211; taux satisfaction client : 99 % &#8211; r\u00e9sultats de l&rsquo;\u00e9valuation des acquis : 97 %<\/p>\n<p>En 2023 : 1825 actes de Formation &#8211; 3432 personnes form\u00e9es &#8211; taux satisfaction client : 99 % &#8211; r\u00e9sultats de l&rsquo;\u00e9valuation des acquis : 97 %<\/p>\n<p>En 2024 : 1835 actes de Formation &#8211; 3221 personnes form\u00e9es &#8211; taux satisfaction client : 99 % &#8211; r\u00e9sultats de l&rsquo;\u00e9valuation des acquis : 97 %<\/p>\n[\/et_pb_text][\/et_pb_column][\/et_pb_row][et_pb_row column_structure=\u00a0\u00bb1_3,2_3&Prime; _builder_version=\u00a0\u00bb4.16&Prime; background_size=\u00a0\u00bbinitial\u00a0\u00bb background_position=\u00a0\u00bbtop_left\u00a0\u00bb background_repeat=\u00a0\u00bbrepeat\u00a0\u00bb global_colors_info=\u00a0\u00bb{}\u00a0\u00bb][et_pb_column type=\u00a0\u00bb1_3&Prime; _builder_version=\u00a0\u00bb4.16&Prime; custom_padding=\u00a0\u00bb|||\u00a0\u00bb global_colors_info=\u00a0\u00bb{}\u00a0\u00bb custom_padding__hover=\u00a0\u00bb|||\u00a0\u00bb][et_pb_image src=\u00a0\u00bbhttps:\/\/sudformation.com\/wp-content\/uploads\/2021\/01\/france.png\u00a0\u00bb title_text=\u00a0\u00bbfrance\u00a0\u00bb align_tablet=\u00a0\u00bbcenter\u00a0\u00bb align_phone=\u00a0\u00bb\u00a0\u00bb align_last_edited=\u00a0\u00bbon|desktop\u00a0\u00bb _builder_version=\u00a0\u00bb4.16&Prime; animation_style=\u00a0\u00bbroll\u00a0\u00bb global_colors_info=\u00a0\u00bb{}\u00a0\u00bb][\/et_pb_image][\/et_pb_column][et_pb_column type=\u00a0\u00bb2_3&Prime; _builder_version=\u00a0\u00bb4.16&Prime; custom_padding=\u00a0\u00bb|||\u00a0\u00bb global_colors_info=\u00a0\u00bb{}\u00a0\u00bb custom_padding__hover=\u00a0\u00bb|||\u00a0\u00bb][et_pb_text _builder_version=\u00a0\u00bb4.23&Prime; header_3_text_color=\u00a0\u00bbrgba(0,0,0,0.7)\u00a0\u00bb animation_style=\u00a0\u00bbbounce\u00a0\u00bb global_colors_info=\u00a0\u00bb{}\u00a0\u00bb]\n<h2>Au travers de 20 conseillers formation, nous sommes pr\u00e9sents dans 38 d\u00e9partements :<\/h2>\n<p>&nbsp;<\/p>\n<h2>+ de 4 500 clients<\/h2>\n[\/et_pb_text][\/et_pb_column][\/et_pb_row][\/et_pb_section][et_pb_section fb_built=\u00a0\u00bb1&Prime; _builder_version=\u00a0\u00bb4.16&Prime; background_color=\u00a0\u00bb#d8d8d8&Prime; custom_margin=\u00a0\u00bb||0px|\u00a0\u00bb custom_padding=\u00a0\u00bb0px||0px|\u00a0\u00bb global_colors_info=\u00a0\u00bb{}\u00a0\u00bb][et_pb_row _builder_version=\u00a0\u00bb4.16&Prime; global_colors_info=\u00a0\u00bb{}\u00a0\u00bb][et_pb_column type=\u00a0\u00bb4_4&Prime; _builder_version=\u00a0\u00bb4.16&Prime; custom_padding=\u00a0\u00bb|||\u00a0\u00bb global_colors_info=\u00a0\u00bb{}\u00a0\u00bb custom_padding__hover=\u00a0\u00bb|||\u00a0\u00bb][et_pb_text _builder_version=\u00a0\u00bb4.16&Prime; text_text_color=\u00a0\u00bb#1f023e\u00a0\u00bb header_text_color=\u00a0\u00bbrgba(0,0,0,0.7)\u00a0\u00bb text_orientation=\u00a0\u00bbcenter\u00a0\u00bb animation_style=\u00a0\u00bbzoom\u00a0\u00bb global_colors_info=\u00a0\u00bb{}\u00a0\u00bb]\n<h1>L&rsquo;actualit\u00e9 de la formation<\/h1>\n[\/et_pb_text][\/et_pb_column][\/et_pb_row][et_pb_row column_structure=\u00a0\u00bb1_3,1_3,1_3&Prime; _builder_version=\u00a0\u00bb4.16&Prime; custom_margin=\u00a0\u00bb0px||0px|\u00a0\u00bb custom_padding=\u00a0\u00bb0px||0px|\u00a0\u00bb global_colors_info=\u00a0\u00bb{}\u00a0\u00bb][et_pb_column type=\u00a0\u00bb1_3&Prime; _builder_version=\u00a0\u00bb4.16&Prime; custom_padding=\u00a0\u00bb|||\u00a0\u00bb global_colors_info=\u00a0\u00bb{}\u00a0\u00bb custom_padding__hover=\u00a0\u00bb|||\u00a0\u00bb][et_pb_slider _builder_version=\u00a0\u00bb4.16&Prime; text_orientation=\u00a0\u00bbjustified\u00a0\u00bb custom_padding=\u00a0\u00bb0px|0px|0px|0px\u00a0\u00bb global_colors_info=\u00a0\u00bb{}\u00a0\u00bb button_text_size__hover_enabled=\u00a0\u00bboff\u00a0\u00bb button_one_text_size__hover_enabled=\u00a0\u00bboff\u00a0\u00bb button_two_text_size__hover_enabled=\u00a0\u00bboff\u00a0\u00bb button_text_color__hover_enabled=\u00a0\u00bboff\u00a0\u00bb button_one_text_color__hover_enabled=\u00a0\u00bboff\u00a0\u00bb button_two_text_color__hover_enabled=\u00a0\u00bboff\u00a0\u00bb button_border_width__hover_enabled=\u00a0\u00bboff\u00a0\u00bb button_one_border_width__hover_enabled=\u00a0\u00bboff\u00a0\u00bb button_two_border_width__hover_enabled=\u00a0\u00bboff\u00a0\u00bb button_border_color__hover_enabled=\u00a0\u00bboff\u00a0\u00bb button_one_border_color__hover_enabled=\u00a0\u00bboff\u00a0\u00bb button_two_border_color__hover_enabled=\u00a0\u00bboff\u00a0\u00bb button_border_radius__hover_enabled=\u00a0\u00bboff\u00a0\u00bb button_one_border_radius__hover_enabled=\u00a0\u00bboff\u00a0\u00bb button_two_border_radius__hover_enabled=\u00a0\u00bboff\u00a0\u00bb button_letter_spacing__hover_enabled=\u00a0\u00bboff\u00a0\u00bb button_one_letter_spacing__hover_enabled=\u00a0\u00bboff\u00a0\u00bb button_two_letter_spacing__hover_enabled=\u00a0\u00bboff\u00a0\u00bb button_bg_color__hover_enabled=\u00a0\u00bboff\u00a0\u00bb button_one_bg_color__hover_enabled=\u00a0\u00bboff\u00a0\u00bb button_two_bg_color__hover_enabled=\u00a0\u00bboff\u00a0\u00bb][et_pb_slide use_bg_overlay=\u00a0\u00bboff\u00a0\u00bb use_text_overlay=\u00a0\u00bboff\u00a0\u00bb _builder_version=\u00a0\u00bb4.16&Prime; background_color=\u00a0\u00bbrgba(28,17,17,0)\u00a0\u00bb button_on_hover=\u00a0\u00bbon\u00a0\u00bb global_colors_info=\u00a0\u00bb{}\u00a0\u00bb button_text_size__hover_enabled=\u00a0\u00bboff\u00a0\u00bb button_one_text_size__hover_enabled=\u00a0\u00bboff\u00a0\u00bb button_two_text_size__hover_enabled=\u00a0\u00bboff\u00a0\u00bb button_text_color__hover_enabled=\u00a0\u00bboff\u00a0\u00bb button_one_text_color__hover_enabled=\u00a0\u00bboff\u00a0\u00bb button_two_text_color__hover_enabled=\u00a0\u00bboff\u00a0\u00bb button_border_width__hover_enabled=\u00a0\u00bboff\u00a0\u00bb button_one_border_width__hover_enabled=\u00a0\u00bboff\u00a0\u00bb button_two_border_width__hover_enabled=\u00a0\u00bboff\u00a0\u00bb button_border_color__hover_enabled=\u00a0\u00bboff\u00a0\u00bb button_one_border_color__hover_enabled=\u00a0\u00bboff\u00a0\u00bb button_two_border_color__hover_enabled=\u00a0\u00bboff\u00a0\u00bb button_border_radius__hover_enabled=\u00a0\u00bboff\u00a0\u00bb button_one_border_radius__hover_enabled=\u00a0\u00bboff\u00a0\u00bb button_two_border_radius__hover_enabled=\u00a0\u00bboff\u00a0\u00bb button_letter_spacing__hover_enabled=\u00a0\u00bboff\u00a0\u00bb button_one_letter_spacing__hover_enabled=\u00a0\u00bboff\u00a0\u00bb button_two_letter_spacing__hover_enabled=\u00a0\u00bboff\u00a0\u00bb button_bg_color__hover_enabled=\u00a0\u00bboff\u00a0\u00bb button_one_bg_color__hover_enabled=\u00a0\u00bboff\u00a0\u00bb button_two_bg_color__hover_enabled=\u00a0\u00bboff\u00a0\u00bb sticky_transition=\u00a0\u00bbon\u00a0\u00bb]<div class=\"su-expand su-expand-collapsed su-expand-link-style-default\" data-height=\"300\"><div class=\"su-expand-content su-u-trim\" style=\"color:#333333;max-height:300px;overflow:hidden\"><div class=\"feedzy-8867b6cd0d64f601ef3a5e31aaca42ba feedzy-rss\"><ul><li style=\"padding: 10px 0 17px\" class=\"rss_item\"><div class=\"rss_image\" style=\"height:100px;width:100px\"><a href=\"https:\/\/www.lemonde.fr\/economie\/article\/2026\/03\/24\/formation-professionnelle-un-secteur-fragilise-a-l-emploi-menace_6674086_3234.html\" target=\"_blank\" rel=\" noopener\" title=\"Formation professionnelle\u00a0: un secteur fragilis\u00e9 \u00e0 l\u2019emploi menac\u00e9\" style=\"height:100px;width:100px\"><img decoding=\"async\" src=\"https:\/\/img.lemde.fr\/2026\/03\/23\/1000\/0\/6000\/3000\/644\/322\/60\/0\/049ba92_upload-1-skoqyjgfc5kx-rea11596986.jpg\" title=\"Formation professionnelle\u00a0: un secteur fragilis\u00e9 \u00e0 l\u2019emploi menac\u00e9\" style=\"height:100px;width:100px\"><\/a><\/div><span class=\"title\"><a href=\"https:\/\/www.lemonde.fr\/economie\/article\/2026\/03\/24\/formation-professionnelle-un-secteur-fragilise-a-l-emploi-menace_6674086_3234.html\" target=\"_blank\" rel=\" noopener\">Formation professionnelle\u00a0: un secteur fragilis\u00e9 \u00e0 l\u2019emploi menac\u00e9<\/a><\/span><div class=\"rss_content\"><p>Apr\u00e8s la lib\u00e9ralisation de la formation impuls\u00e9e par la loi de 2018, le secteur s\u2019\u00e9tait d\u00e9velopp\u00e9 \u00e0 grande vitesse, de nombreuses \u00e9coles priv\u00e9es lucratives s\u2019engouffrant dans la br\u00e8che. Depuis, le gouvernement a intensifi\u00e9 ses contr\u00f4les et r\u00e9duit la voilure des politiques de soutien \u00e0 l\u2019emploi, notamment l\u2019apprentissage.<\/p><\/div><\/li><\/ul> <\/div>.feedzy-rss .rss_item .rss_image{float:left;position:relative;border:none;text-decoration:none;max-width:100%}.feedzy-rss .rss_item .rss_image span{display:inline-block;position:absolute;width:100%;height:100%;background-position:50%;background-size:cover}.feedzy-rss .rss_item .rss_image{margin:.3em 1em 0 0;content-visibility:auto}.feedzy-rss ul{list-style:none}.feedzy-rss ul li{display:inline-block}<\/div><div class=\"su-expand-link su-expand-link-more\" style=\"text-align:left\"><a href=\"javascript:;\" style=\"color:#0088FF;border-color:#0088FF\"><span style=\"border-color:#0088FF\">+<\/span><\/a><\/div><div class=\"su-expand-link su-expand-link-less\" style=\"text-align:left\"><a href=\"javascript:;\" style=\"color:#0088FF;border-color:#0088FF\"><span style=\"border-color:#0088FF\">-<\/span><\/a><\/div><\/div>[\/et_pb_slide][\/et_pb_slider][\/et_pb_column][et_pb_column type=\u00a0\u00bb1_3&Prime; _builder_version=\u00a0\u00bb4.16&Prime; custom_padding=\u00a0\u00bb|||\u00a0\u00bb global_colors_info=\u00a0\u00bb{}\u00a0\u00bb custom_padding__hover=\u00a0\u00bb|||\u00a0\u00bb][\/et_pb_column][et_pb_column type=\u00a0\u00bb1_3&Prime; _builder_version=\u00a0\u00bb4.16&Prime; custom_padding=\u00a0\u00bb|||\u00a0\u00bb global_colors_info=\u00a0\u00bb{}\u00a0\u00bb custom_padding__hover=\u00a0\u00bb|||\u00a0\u00bb][\/et_pb_column][\/et_pb_row][\/et_pb_section]\n","protected":false},"excerpt":{"rendered":"<p>SFI et SFS Centre partenaire Certifications Le Robert FLM et Bureautique ENISud Formation, SFS et SFI : sp\u00e9cialistes de la formation professionnelle continue depuis 1994. &nbsp; En 2020 : 721 actes de Formation &#8211; 1235 personnes form\u00e9es &#8211; taux satisfaction client : 98 % &#8211; r\u00e9sultats de l&rsquo;\u00e9valuation des acquis : 95 % En 2021 [&hellip;]<\/p>\n","protected":false},"author":1,"featured_media":0,"parent":0,"menu_order":0,"comment_status":"closed","ping_status":"open","template":"","meta":{"_et_pb_use_builder":"on","_et_pb_old_content":"<p>Voici un exemple de page. Elle est diff\u00e9rente d\u2019un article de blog, en cela qu\u2019elle restera \u00e0 la m\u00eame place, et s\u2019affichera dans le menu de navigation de votre site (en fonction de votre th\u00e8me). La plupart des gens commencent par \u00e9crire une page \u00ab\u00a0\u00c0 Propos\u00a0\u00bb qui les pr\u00e9sente aux visiteurs potentiels du site. Vous pourriez y \u00e9crire quelque chose de ce tenant\u00a0:<\/p><blockquote><p>Bonjour\u00a0! Je suis un m\u00e9canicien qui aspire \u00e0 devenir un acteur, et ceci est mon blog. J\u2019habite \u00e0 Bordeaux, j\u2019ai un super chien qui s\u2019appelle Russell, et j\u2019aime la vodka-ananas (ainsi que perdre mon temps \u00e0 regarder la pluie tomber).<\/p><\/blockquote><p>...ou bien quelque chose comme cela\u00a0:<\/p><blockquote><p>La soci\u00e9t\u00e9 123 Machin Truc a \u00e9t\u00e9 cr\u00e9\u00e9e en 1971, et n\u2019a cess\u00e9 de proposer au public des machins-trucs de qualit\u00e9 depuis cette ann\u00e9e. Situ\u00e9e \u00e0 Saint-Remy-en-Bouzemont-Saint-Genest-et-Isson, 123 Machin Truc emploie 2\u00a0000 personnes, et fabrique toutes sortes de bidules super pour la communaut\u00e9 bouzemontoise.<\/p><\/blockquote><p>\u00c9tant donn\u00e9 que vous \u00eates un nouvel utilisateur ou une nouvelle utilisatrice de WordPress, vous devriez vous rendre sur votre <a href=\"http:\/\/sudformation.com\/wp-admin\/\">tableau de bord<\/a> pour effacer la pr\u00e9sente page, et cr\u00e9er de nouvelles pages avec votre propre contenu. Amusez-vous bien\u00a0!<\/p>","_et_gb_content_width":"","footnotes":""},"class_list":["post-2","page","type-page","status-publish","hentry"],"yoast_head":"<!-- This site is optimized with the Yoast SEO plugin v27.4 - https:\/\/yoast.com\/product\/yoast-seo-wordpress\/ -->\n<title>SUD FORMATION organisme de formation bas\u00e9 \u00e0 Montpellier<\/title>\n<meta name=\"description\" content=\"SUD FORMATION organisme de formation, 30 ans d&#039;exp\u00e9rience au service de la formation, + de 3500 clients, 20 commerciaux sur 30 d\u00e9partements.\" \/>\n<meta name=\"robots\" content=\"index, follow, max-snippet:-1, max-image-preview:large, max-video-preview:-1\" \/>\n<link rel=\"canonical\" href=\"https:\/\/sudformation.com\/\" \/>\n<meta property=\"og:locale\" content=\"fr_FR\" \/>\n<meta property=\"og:type\" content=\"article\" \/>\n<meta property=\"og:title\" content=\"SUD FORMATION organisme de formation bas\u00e9 \u00e0 Montpellier\" \/>\n<meta property=\"og:description\" content=\"SUD FORMATION organisme de formation, 30 ans d&#039;exp\u00e9rience au service de la formation, + de 3500 clients, 20 commerciaux sur 30 d\u00e9partements.\" \/>\n<meta property=\"og:url\" content=\"https:\/\/sudformation.com\/\" \/>\n<meta property=\"og:site_name\" content=\"Sud Formation\" \/>\n<meta property=\"article:publisher\" content=\"https:\/\/www.facebook.com\/SudFormation\/\" \/>\n<meta property=\"article:modified_time\" content=\"2025-04-28T15:29:03+00:00\" \/>\n<meta name=\"twitter:card\" content=\"summary_large_image\" \/>\n<meta name=\"twitter:label1\" content=\"Dur\u00e9e de lecture estim\u00e9e\" \/>\n\t<meta name=\"twitter:data1\" content=\"3 minutes\" \/>\n<script type=\"application\/ld+json\" class=\"yoast-schema-graph\">{\"@context\":\"https:\\\/\\\/schema.org\",\"@graph\":[{\"@type\":\"WebPage\",\"@id\":\"https:\\\/\\\/sudformation.com\\\/\",\"url\":\"https:\\\/\\\/sudformation.com\\\/\",\"name\":\"SUD FORMATION organisme de formation bas\u00e9 \u00e0 Montpellier\",\"isPartOf\":{\"@id\":\"https:\\\/\\\/sudformation.com\\\/#website\"},\"datePublished\":\"2018-07-16T09:50:33+00:00\",\"dateModified\":\"2025-04-28T15:29:03+00:00\",\"description\":\"SUD FORMATION organisme de formation, 30 ans d'exp\u00e9rience au service de la formation, + de 3500 clients, 20 commerciaux sur 30 d\u00e9partements.\",\"breadcrumb\":{\"@id\":\"https:\\\/\\\/sudformation.com\\\/#breadcrumb\"},\"inLanguage\":\"fr-FR\",\"potentialAction\":[{\"@type\":\"ReadAction\",\"target\":[\"https:\\\/\\\/sudformation.com\\\/\"]}]},{\"@type\":\"BreadcrumbList\",\"@id\":\"https:\\\/\\\/sudformation.com\\\/#breadcrumb\",\"itemListElement\":[{\"@type\":\"ListItem\",\"position\":1,\"name\":\"Accueil\",\"item\":\"https:\\\/\\\/sudformation.com\\\/\"},{\"@type\":\"ListItem\",\"position\":2,\"name\":\"Accueil\"}]},{\"@type\":\"WebSite\",\"@id\":\"https:\\\/\\\/sudformation.com\\\/#website\",\"url\":\"https:\\\/\\\/sudformation.com\\\/\",\"name\":\"Sud Formation\",\"description\":\"La formation sur mesure\",\"potentialAction\":[{\"@type\":\"SearchAction\",\"target\":{\"@type\":\"EntryPoint\",\"urlTemplate\":\"https:\\\/\\\/sudformation.com\\\/?s={search_term_string}\"},\"query-input\":{\"@type\":\"PropertyValueSpecification\",\"valueRequired\":true,\"valueName\":\"search_term_string\"}}],\"inLanguage\":\"fr-FR\"}]}<\/script>\n<!-- \/ Yoast SEO plugin. -->","yoast_head_json":{"title":"SUD FORMATION organisme de formation bas\u00e9 \u00e0 Montpellier","description":"SUD FORMATION organisme de formation, 30 ans d'exp\u00e9rience au service de la formation, + de 3500 clients, 20 commerciaux sur 30 d\u00e9partements.","robots":{"index":"index","follow":"follow","max-snippet":"max-snippet:-1","max-image-preview":"max-image-preview:large","max-video-preview":"max-video-preview:-1"},"canonical":"https:\/\/sudformation.com\/","og_locale":"fr_FR","og_type":"article","og_title":"SUD FORMATION organisme de formation bas\u00e9 \u00e0 Montpellier","og_description":"SUD FORMATION organisme de formation, 30 ans d'exp\u00e9rience au service de la formation, + de 3500 clients, 20 commerciaux sur 30 d\u00e9partements.","og_url":"https:\/\/sudformation.com\/","og_site_name":"Sud Formation","article_publisher":"https:\/\/www.facebook.com\/SudFormation\/","article_modified_time":"2025-04-28T15:29:03+00:00","twitter_card":"summary_large_image","twitter_misc":{"Dur\u00e9e de lecture estim\u00e9e":"3 minutes"},"schema":{"@context":"https:\/\/schema.org","@graph":[{"@type":"WebPage","@id":"https:\/\/sudformation.com\/","url":"https:\/\/sudformation.com\/","name":"SUD FORMATION organisme de formation bas\u00e9 \u00e0 Montpellier","isPartOf":{"@id":"https:\/\/sudformation.com\/#website"},"datePublished":"2018-07-16T09:50:33+00:00","dateModified":"2025-04-28T15:29:03+00:00","description":"SUD FORMATION organisme de formation, 30 ans d'exp\u00e9rience au service de la formation, + de 3500 clients, 20 commerciaux sur 30 d\u00e9partements.","breadcrumb":{"@id":"https:\/\/sudformation.com\/#breadcrumb"},"inLanguage":"fr-FR","potentialAction":[{"@type":"ReadAction","target":["https:\/\/sudformation.com\/"]}]},{"@type":"BreadcrumbList","@id":"https:\/\/sudformation.com\/#breadcrumb","itemListElement":[{"@type":"ListItem","position":1,"name":"Accueil","item":"https:\/\/sudformation.com\/"},{"@type":"ListItem","position":2,"name":"Accueil"}]},{"@type":"WebSite","@id":"https:\/\/sudformation.com\/#website","url":"https:\/\/sudformation.com\/","name":"Sud Formation","description":"La formation sur mesure","potentialAction":[{"@type":"SearchAction","target":{"@type":"EntryPoint","urlTemplate":"https:\/\/sudformation.com\/?s={search_term_string}"},"query-input":{"@type":"PropertyValueSpecification","valueRequired":true,"valueName":"search_term_string"}}],"inLanguage":"fr-FR"}]}},"_links":{"self":[{"href":"https:\/\/sudformation.com\/index.php\/wp-json\/wp\/v2\/pages\/2","targetHints":{"allow":["GET"]}}],"collection":[{"href":"https:\/\/sudformation.com\/index.php\/wp-json\/wp\/v2\/pages"}],"about":[{"href":"https:\/\/sudformation.com\/index.php\/wp-json\/wp\/v2\/types\/page"}],"author":[{"embeddable":true,"href":"https:\/\/sudformation.com\/index.php\/wp-json\/wp\/v2\/users\/1"}],"replies":[{"embeddable":true,"href":"https:\/\/sudformation.com\/index.php\/wp-json\/wp\/v2\/comments?post=2"}],"version-history":[{"count":87,"href":"https:\/\/sudformation.com\/index.php\/wp-json\/wp\/v2\/pages\/2\/revisions"}],"predecessor-version":[{"id":406,"href":"https:\/\/sudformation.com\/index.php\/wp-json\/wp\/v2\/pages\/2\/revisions\/406"}],"wp:attachment":[{"href":"https:\/\/sudformation.com\/index.php\/wp-json\/wp\/v2\/media?parent=2"}],"curies":[{"name":"wp","href":"https:\/\/api.w.org\/{rel}","templated":true}]}}