{"id":31,"date":"2018-07-17T16:06:04","date_gmt":"2018-07-17T14:06:04","guid":{"rendered":"https:\/\/sudformation.com\/?page_id=31"},"modified":"2020-11-18T17:15:50","modified_gmt":"2020-11-18T16:15:50","slug":"methodes-pedagogiques","status":"publish","type":"page","link":"https:\/\/sudformation.com\/index.php\/methodes-pedagogiques\/","title":{"rendered":"M\u00e9thodes p\u00e9dagogiques"},"content":{"rendered":"\n[et_pb_section bb_built=\u00a0\u00bb1&Prime; _builder_version=\u00a0\u00bb3.10.1&Prime; background_image=\u00a0\u00bbhttps:\/\/sudformation.com\/wp-content\/uploads\/2018\/07\/meetingbackground.png\u00a0\u00bb background_size=\u00a0\u00bbcontain\u00a0\u00bb background_position=\u00a0\u00bbbottom_center\u00a0\u00bb custom_padding=\u00a0\u00bb||400px|\u00a0\u00bb custom_padding_tablet=\u00a0\u00bb||200px|\u00a0\u00bb custom_padding_phone=\u00a0\u00bb||100px|\u00a0\u00bb custom_padding_last_edited=\u00a0\u00bbon|phone\u00a0\u00bb][et_pb_row][et_pb_column type=\u00a0\u00bb4_4&Prime;][et_pb_text _builder_version=\u00a0\u00bb3.10.1&Prime; header_text_color=\u00a0\u00bb#2ea3f2&Prime;]\r\n\r\n<h1>Nos solutions<\/h1>\r\n&nbsp;\r\nSUD FORMATION analyse votre besoin et vous propose la formule la mieux adapt\u00e9e.\r\n&nbsp;\r\n<h4>FORMATION INTER-ENTREPRISES<\/h4>\r\nEn r\u00e9ponse \u00e0 : un besoin individuel, une demande de CPF.\r\nLes avantages : des modules courts, un partage d&rsquo;exp\u00e9riences avec des personnes d&rsquo;horizons diff\u00e9rents, un co\u00fbt avantageux par stagiaire.\r\n<h4>FORMATION INTRA-ENTREPRISE<\/h4>\r\nEn r\u00e9ponse \u00e0 : un besoin collectif de formation, un contexte particulier n\u00e9cessitant un programme sur mesure, des contraintes organisationnelles \u00e0 int\u00e9grer.\r\nLes avantages : une phase de diagnostic et de pr\u00e9paration pour d\u00e9finir les objectifs et impliquer les \u00e9quipes dans la r\u00e9flexion.\r\n<h4>ACCOMPAGNEMENT INDIVIDUEL<\/h4>\r\nCoaching, face-\u00e0-face p\u00e9dagogique, mise en oeuvre op\u00e9rationnelle au poste de travail&#8230;\r\n&nbsp;\r\n&nbsp;\r\n<h1>Nos garanties concernant la r\u00e9ussite de votre projet<\/h1>\r\n&nbsp;\r\nSUD FORMATION vous propose une ing\u00e9nierie p\u00e9dagogique rigoureuse centr\u00e9e sur l&rsquo;appropriation durable, int\u00e9grant des m\u00e9thodologies et des outils \u00e9prouv\u00e9s, des apports conceptuels solides, des entra\u00eenements percutants et adapt\u00e9s.\r\n\r\nUne p\u00e9dagogie interactive : l&rsquo;animation recourt \u00e0 des moyens vivants, originaux; elle s&rsquo;\u00e9labore \u00e0 travers la dynamique des participants, leurs attentes et leurs exp\u00e9riences.\r\n\r\nUn contr\u00f4le qualit\u00e9 permanent : nous \u00e9valuons syst\u00e9matiquement l&rsquo;atteinte des objectifs p\u00e9dagogiques et op\u00e9rationnels de chaque participant.\r\n&nbsp;\r\n&nbsp;\r\n<h1>Votre satisfaction<\/h1>\r\n&nbsp;\r\nSUD FORMATION se mobilise pour r\u00e9pondre \u00e0 votre demande dans les plus brefs d\u00e9lais. Nous nous engageons sur l&rsquo;atteinte des objectifs p\u00e9dagogiques.\r\n\r\nUn seul interlocuteur vous accompagne dans votre projet, pour vous garantir la qualit\u00e9 et un impact p\u00e9dagogique optimal.\r\n\r\n[\/et_pb_text][\/et_pb_column][\/et_pb_row][\/et_pb_section]\n","protected":false},"excerpt":{"rendered":"<p><div class=\"et_pb_row et_pb_row_0 et_pb_row_empty\">\n\t\t\t\t\n\t\t\t\t\n\t\t\t\t\n\t\t\t\t\n\t\t\t\t\n\t\t\t<\/div> Nos solutions &nbsp; SUD FORMATION analyse votre besoin et vous propose la formule la mieux adapt\u00e9e. &nbsp; FORMATION INTER-ENTREPRISES En r\u00e9ponse \u00e0 : un besoin individuel, une demande de CPF. Les avantages : des modules courts, un partage d&rsquo;exp\u00e9riences avec des personnes d&rsquo;horizons diff\u00e9rents, un co\u00fbt avantageux par stagiaire. FORMATION INTRA-ENTREPRISE En r\u00e9ponse \u00e0 [&hellip;]<\/p>\n","protected":false},"author":1,"featured_media":0,"parent":0,"menu_order":0,"comment_status":"closed","ping_status":"closed","template":"","meta":{"_et_pb_use_builder":"on","_et_pb_old_content":"","_et_gb_content_width":"","footnotes":""},"class_list":["post-31","page","type-page","status-publish","hentry"],"yoast_head":"<!-- This site is optimized with the Yoast SEO plugin v27.5 - https:\/\/yoast.com\/product\/yoast-seo-wordpress\/ -->\n<title>SUD FORMATION Organisme de formation bas\u00e9 \u00e0 Montpellier<\/title>\n<meta name=\"description\" content=\"SUD FORMATION organisme de formation, 25 ans d&#039;exp\u00e9rience au service de la formation, 1200 clients, 11 commerciaux sur 20 d\u00e9partements.\" \/>\n<meta name=\"robots\" content=\"index, follow, max-snippet:-1, max-image-preview:large, max-video-preview:-1\" \/>\n<link rel=\"canonical\" href=\"https:\/\/sudformation.com\/index.php\/methodes-pedagogiques\/\" \/>\n<meta property=\"og:locale\" content=\"fr_FR\" \/>\n<meta property=\"og:type\" content=\"article\" \/>\n<meta property=\"og:title\" content=\"SUD FORMATION Organisme de formation bas\u00e9 \u00e0 Montpellier\" \/>\n<meta property=\"og:description\" content=\"SUD FORMATION organisme de formation, 25 ans d&#039;exp\u00e9rience au service de la formation, 1200 clients, 11 commerciaux sur 20 d\u00e9partements.\" \/>\n<meta property=\"og:url\" content=\"https:\/\/sudformation.com\/index.php\/methodes-pedagogiques\/\" \/>\n<meta property=\"og:site_name\" content=\"Sud Formation\" \/>\n<meta property=\"article:publisher\" content=\"https:\/\/www.facebook.com\/SudFormation\/\" \/>\n<meta property=\"article:modified_time\" content=\"2020-11-18T16:15:50+00:00\" \/>\n<meta name=\"twitter:card\" content=\"summary_large_image\" \/>\n<meta name=\"twitter:label1\" content=\"Dur\u00e9e de lecture estim\u00e9e\" \/>\n\t<meta name=\"twitter:data1\" content=\"2 minutes\" \/>\n<script type=\"application\/ld+json\" class=\"yoast-schema-graph\">{\"@context\":\"https:\\\/\\\/schema.org\",\"@graph\":[{\"@type\":\"WebPage\",\"@id\":\"https:\\\/\\\/sudformation.com\\\/index.php\\\/methodes-pedagogiques\\\/\",\"url\":\"https:\\\/\\\/sudformation.com\\\/index.php\\\/methodes-pedagogiques\\\/\",\"name\":\"SUD FORMATION Organisme de formation bas\u00e9 \u00e0 Montpellier\",\"isPartOf\":{\"@id\":\"https:\\\/\\\/sudformation.com\\\/#website\"},\"datePublished\":\"2018-07-17T14:06:04+00:00\",\"dateModified\":\"2020-11-18T16:15:50+00:00\",\"description\":\"SUD FORMATION organisme de formation, 25 ans d'exp\u00e9rience au service de la formation, 1200 clients, 11 commerciaux sur 20 d\u00e9partements.\",\"breadcrumb\":{\"@id\":\"https:\\\/\\\/sudformation.com\\\/index.php\\\/methodes-pedagogiques\\\/#breadcrumb\"},\"inLanguage\":\"fr-FR\",\"potentialAction\":[{\"@type\":\"ReadAction\",\"target\":[\"https:\\\/\\\/sudformation.com\\\/index.php\\\/methodes-pedagogiques\\\/\"]}]},{\"@type\":\"BreadcrumbList\",\"@id\":\"https:\\\/\\\/sudformation.com\\\/index.php\\\/methodes-pedagogiques\\\/#breadcrumb\",\"itemListElement\":[{\"@type\":\"ListItem\",\"position\":1,\"name\":\"Accueil\",\"item\":\"https:\\\/\\\/sudformation.com\\\/\"},{\"@type\":\"ListItem\",\"position\":2,\"name\":\"M\u00e9thodes p\u00e9dagogiques\"}]},{\"@type\":\"WebSite\",\"@id\":\"https:\\\/\\\/sudformation.com\\\/#website\",\"url\":\"https:\\\/\\\/sudformation.com\\\/\",\"name\":\"Sud Formation\",\"description\":\"La formation sur mesure\",\"potentialAction\":[{\"@type\":\"SearchAction\",\"target\":{\"@type\":\"EntryPoint\",\"urlTemplate\":\"https:\\\/\\\/sudformation.com\\\/?s={search_term_string}\"},\"query-input\":{\"@type\":\"PropertyValueSpecification\",\"valueRequired\":true,\"valueName\":\"search_term_string\"}}],\"inLanguage\":\"fr-FR\"}]}<\/script>\n<!-- \/ Yoast SEO plugin. -->","yoast_head_json":{"title":"SUD FORMATION Organisme de formation bas\u00e9 \u00e0 Montpellier","description":"SUD FORMATION organisme de formation, 25 ans d'exp\u00e9rience au service de la formation, 1200 clients, 11 commerciaux sur 20 d\u00e9partements.","robots":{"index":"index","follow":"follow","max-snippet":"max-snippet:-1","max-image-preview":"max-image-preview:large","max-video-preview":"max-video-preview:-1"},"canonical":"https:\/\/sudformation.com\/index.php\/methodes-pedagogiques\/","og_locale":"fr_FR","og_type":"article","og_title":"SUD FORMATION Organisme de formation bas\u00e9 \u00e0 Montpellier","og_description":"SUD FORMATION organisme de formation, 25 ans d'exp\u00e9rience au service de la formation, 1200 clients, 11 commerciaux sur 20 d\u00e9partements.","og_url":"https:\/\/sudformation.com\/index.php\/methodes-pedagogiques\/","og_site_name":"Sud Formation","article_publisher":"https:\/\/www.facebook.com\/SudFormation\/","article_modified_time":"2020-11-18T16:15:50+00:00","twitter_card":"summary_large_image","twitter_misc":{"Dur\u00e9e de lecture estim\u00e9e":"2 minutes"},"schema":{"@context":"https:\/\/schema.org","@graph":[{"@type":"WebPage","@id":"https:\/\/sudformation.com\/index.php\/methodes-pedagogiques\/","url":"https:\/\/sudformation.com\/index.php\/methodes-pedagogiques\/","name":"SUD FORMATION Organisme de formation bas\u00e9 \u00e0 Montpellier","isPartOf":{"@id":"https:\/\/sudformation.com\/#website"},"datePublished":"2018-07-17T14:06:04+00:00","dateModified":"2020-11-18T16:15:50+00:00","description":"SUD FORMATION organisme de formation, 25 ans d'exp\u00e9rience au service de la formation, 1200 clients, 11 commerciaux sur 20 d\u00e9partements.","breadcrumb":{"@id":"https:\/\/sudformation.com\/index.php\/methodes-pedagogiques\/#breadcrumb"},"inLanguage":"fr-FR","potentialAction":[{"@type":"ReadAction","target":["https:\/\/sudformation.com\/index.php\/methodes-pedagogiques\/"]}]},{"@type":"BreadcrumbList","@id":"https:\/\/sudformation.com\/index.php\/methodes-pedagogiques\/#breadcrumb","itemListElement":[{"@type":"ListItem","position":1,"name":"Accueil","item":"https:\/\/sudformation.com\/"},{"@type":"ListItem","position":2,"name":"M\u00e9thodes p\u00e9dagogiques"}]},{"@type":"WebSite","@id":"https:\/\/sudformation.com\/#website","url":"https:\/\/sudformation.com\/","name":"Sud Formation","description":"La formation sur mesure","potentialAction":[{"@type":"SearchAction","target":{"@type":"EntryPoint","urlTemplate":"https:\/\/sudformation.com\/?s={search_term_string}"},"query-input":{"@type":"PropertyValueSpecification","valueRequired":true,"valueName":"search_term_string"}}],"inLanguage":"fr-FR"}]}},"_links":{"self":[{"href":"https:\/\/sudformation.com\/index.php\/wp-json\/wp\/v2\/pages\/31","targetHints":{"allow":["GET"]}}],"collection":[{"href":"https:\/\/sudformation.com\/index.php\/wp-json\/wp\/v2\/pages"}],"about":[{"href":"https:\/\/sudformation.com\/index.php\/wp-json\/wp\/v2\/types\/page"}],"author":[{"embeddable":true,"href":"https:\/\/sudformation.com\/index.php\/wp-json\/wp\/v2\/users\/1"}],"replies":[{"embeddable":true,"href":"https:\/\/sudformation.com\/index.php\/wp-json\/wp\/v2\/comments?post=31"}],"version-history":[{"count":12,"href":"https:\/\/sudformation.com\/index.php\/wp-json\/wp\/v2\/pages\/31\/revisions"}],"predecessor-version":[{"id":326,"href":"https:\/\/sudformation.com\/index.php\/wp-json\/wp\/v2\/pages\/31\/revisions\/326"}],"wp:attachment":[{"href":"https:\/\/sudformation.com\/index.php\/wp-json\/wp\/v2\/media?parent=31"}],"curies":[{"name":"wp","href":"https:\/\/api.w.org\/{rel}","templated":true}]}}