{"id":35,"date":"2018-07-17T16:07:09","date_gmt":"2018-07-17T14:07:09","guid":{"rendered":"https:\/\/sudformation.com\/?page_id=35"},"modified":"2020-11-18T17:13:44","modified_gmt":"2020-11-18T16:13:44","slug":"contact","status":"publish","type":"page","link":"https:\/\/sudformation.com\/index.php\/contact\/","title":{"rendered":"Contact"},"content":{"rendered":"\n[et_pb_section bb_built=\u00a0\u00bb1&Prime; _builder_version=\u00a0\u00bb3.10.1&Prime;][et_pb_row _builder_version=\u00a0\u00bb3.10.1&Prime;][et_pb_column type=\u00a0\u00bb4_4&Prime;][et_pb_text _builder_version=\u00a0\u00bb3.11.1&Prime;]\r\n<h1>Contactez-nous !<\/h1>\r\nPour satisfaire vos besoins, SUD FORMATION s\u2019engage \u00e0 concevoir sur mesure une formation adapt\u00e9e aux besoins du (des) stagiaire(s).\r\nVous pouvez nous contacter \u00e0 cette adresse <a href=\"mailto:contact@sudformation.com\">contact@sudformation.com<\/a>\r\n\r\n[\/et_pb_text][\/et_pb_column][\/et_pb_row][et_pb_row][et_pb_column type=\u00a0\u00bb1_2&Prime;][et_pb_text _builder_version=\u00a0\u00bb3.11.1&Prime;]\r\n<h3><\/h3>\r\n&nbsp;\r\n\r\n<img loading=\"lazy\" decoding=\"async\" class=\"aligncenter wp-image-173 size-medium\" src=\"https:\/\/sudformation.com\/wp-content\/uploads\/2018\/07\/Contact-1-300x300.png\" alt=\"\" width=\"300\" height=\"300\" srcset=\"https:\/\/sudformation.com\/wp-content\/uploads\/2018\/07\/Contact-1-300x300.png 300w, https:\/\/sudformation.com\/wp-content\/uploads\/2018\/07\/Contact-1-150x150.png 150w, https:\/\/sudformation.com\/wp-content\/uploads\/2018\/07\/Contact-1-768x768.png 768w, https:\/\/sudformation.com\/wp-content\/uploads\/2018\/07\/Contact-1-1024x1024.png 1024w, https:\/\/sudformation.com\/wp-content\/uploads\/2018\/07\/Contact-1-1080x1080.png 1080w, https:\/\/sudformation.com\/wp-content\/uploads\/2018\/07\/Contact-1.png 1388w\" sizes=\"auto, (max-width: 300px) 100vw, 300px\" \/>\r\n\r\n[\/et_pb_text][\/et_pb_column][et_pb_column type=\u00a0\u00bb1_2&Prime;][et_pb_contact_form _builder_version=\u00a0\u00bb3.11.1&Prime; title=\u00a0\u00bbDemande d&rsquo;information\u00a0\u00bb success_message=\u00a0\u00bbInformations envoy\u00e9es avec succ\u00e8s.\u00a0\u00bb submit_button_text=\u00a0\u00bbEnvoyez\u00a0\u00bb email=\u00a0\u00bbcontact@sudformation.com\u00a0\u00bb][et_pb_contact_field field_title=\u00a0\u00bbNom\u00a0\u00bb field_type=\u00a0\u00bbinput\u00a0\u00bb field_id=\u00a0\u00bbName\u00a0\u00bb required_mark=\u00a0\u00bbon\u00a0\u00bb fullwidth_field=\u00a0\u00bboff\u00a0\u00bb _builder_version=\u00a0\u00bb3.11.1&Prime; \/][et_pb_contact_field _builder_version=\u00a0\u00bb3.11.1&Prime; field_id=\u00a0\u00bbSoci\u00e9t\u00e9\u00a0\u00bb field_title=\u00a0\u00bbSoci\u00e9t\u00e9\u00a0\u00bb field_type=\u00a0\u00bbinput\u00a0\u00bb checkbox_checked=\u00a0\u00bboff\u00a0\u00bb checkbox_options=\u00a0\u00bb%91{%22value%22:%22%22,%22checked%22:0}%93&Prime; radio_options=\u00a0\u00bb%91{%22value%22:%22%22,%22checked%22:0}%93&Prime; select_options=\u00a0\u00bb%91{%22value%22:%22%22,%22checked%22:0}%93&Prime; min_length=\u00a0\u00bb0&Prime; max_length=\u00a0\u00bb0&Prime; allowed_symbols=\u00a0\u00bball\u00a0\u00bb required_mark=\u00a0\u00bbon\u00a0\u00bb conditional_logic=\u00a0\u00bboff\u00a0\u00bb conditional_logic_relation=\u00a0\u00bboff\u00a0\u00bb conditional_logic_rules=\u00a0\u00bb%91{%22field%22:%22name%22,%22condition%22:%22is%22,%22value%22:%22%22}%93&Prime; use_background_color_gradient=\u00a0\u00bboff\u00a0\u00bb background_color_gradient_start=\u00a0\u00bb#2b87da\u00a0\u00bb background_color_gradient_end=\u00a0\u00bb#29c4a9&Prime; background_color_gradient_type=\u00a0\u00bblinear\u00a0\u00bb background_color_gradient_direction=\u00a0\u00bb180deg\u00a0\u00bb background_color_gradient_direction_radial=\u00a0\u00bbcenter\u00a0\u00bb background_color_gradient_start_position=\u00a0\u00bb0%\u00a0\u00bb background_color_gradient_end_position=\u00a0\u00bb100%\u00a0\u00bb background_color_gradient_overlays_image=\u00a0\u00bboff\u00a0\u00bb parallax=\u00a0\u00bboff\u00a0\u00bb parallax_method=\u00a0\u00bbon\u00a0\u00bb background_size=\u00a0\u00bbcover\u00a0\u00bb background_position=\u00a0\u00bbcenter\u00a0\u00bb background_repeat=\u00a0\u00bbno-repeat\u00a0\u00bb background_blend=\u00a0\u00bbnormal\u00a0\u00bb allow_player_pause=\u00a0\u00bboff\u00a0\u00bb background_video_pause_outside_viewport=\u00a0\u00bbon\u00a0\u00bb fullwidth_field=\u00a0\u00bboff\u00a0\u00bb form_field_text_shadow_style=\u00a0\u00bbnone\u00a0\u00bb box_shadow_style=\u00a0\u00bbnone\u00a0\u00bb \/][et_pb_contact_field field_title=\u00a0\u00bbAdresse e-mail\u00a0\u00bb field_type=\u00a0\u00bbemail\u00a0\u00bb field_id=\u00a0\u00bbEmail\u00a0\u00bb required_mark=\u00a0\u00bbon\u00a0\u00bb fullwidth_field=\u00a0\u00bboff\u00a0\u00bb _builder_version=\u00a0\u00bb3.11.1&Prime; \/][et_pb_contact_field _builder_version=\u00a0\u00bb3.11.1&Prime; field_id=\u00a0\u00bbT\u00e9l\u00e9phone\u00a0\u00bb field_title=\u00a0\u00bbT\u00e9l\u00e9phone\u00a0\u00bb field_type=\u00a0\u00bbinput\u00a0\u00bb checkbox_checked=\u00a0\u00bboff\u00a0\u00bb checkbox_options=\u00a0\u00bb%91{%22value%22:%22%22,%22checked%22:0}%93&Prime; radio_options=\u00a0\u00bb%91{%22value%22:%22%22,%22checked%22:0}%93&Prime; select_options=\u00a0\u00bb%91{%22value%22:%22%22,%22checked%22:0}%93&Prime; min_length=\u00a0\u00bb10&Prime; max_length=\u00a0\u00bb10&Prime; allowed_symbols=\u00a0\u00bbnumbers\u00a0\u00bb required_mark=\u00a0\u00bboff\u00a0\u00bb conditional_logic=\u00a0\u00bboff\u00a0\u00bb conditional_logic_relation=\u00a0\u00bboff\u00a0\u00bb conditional_logic_rules=\u00a0\u00bb%91{%22field%22:%22name%22,%22condition%22:%22is%22,%22value%22:%22%22}%93&Prime; use_background_color_gradient=\u00a0\u00bboff\u00a0\u00bb background_color_gradient_start=\u00a0\u00bb#2b87da\u00a0\u00bb background_color_gradient_end=\u00a0\u00bb#29c4a9&Prime; background_color_gradient_type=\u00a0\u00bblinear\u00a0\u00bb background_color_gradient_direction=\u00a0\u00bb180deg\u00a0\u00bb background_color_gradient_direction_radial=\u00a0\u00bbcenter\u00a0\u00bb background_color_gradient_start_position=\u00a0\u00bb0%\u00a0\u00bb background_color_gradient_end_position=\u00a0\u00bb100%\u00a0\u00bb background_color_gradient_overlays_image=\u00a0\u00bboff\u00a0\u00bb parallax=\u00a0\u00bboff\u00a0\u00bb parallax_method=\u00a0\u00bbon\u00a0\u00bb background_size=\u00a0\u00bbcover\u00a0\u00bb background_position=\u00a0\u00bbcenter\u00a0\u00bb background_repeat=\u00a0\u00bbno-repeat\u00a0\u00bb background_blend=\u00a0\u00bbnormal\u00a0\u00bb allow_player_pause=\u00a0\u00bboff\u00a0\u00bb background_video_pause_outside_viewport=\u00a0\u00bbon\u00a0\u00bb fullwidth_field=\u00a0\u00bboff\u00a0\u00bb form_field_text_shadow_style=\u00a0\u00bbnone\u00a0\u00bb box_shadow_style=\u00a0\u00bbnone\u00a0\u00bb \/][et_pb_contact_field field_title=\u00a0\u00bbMessage\u00a0\u00bb field_type=\u00a0\u00bbtext\u00a0\u00bb field_id=\u00a0\u00bbMessage\u00a0\u00bb required_mark=\u00a0\u00bbon\u00a0\u00bb fullwidth_field=\u00a0\u00bbon\u00a0\u00bb _builder_version=\u00a0\u00bb3.11.1&Prime; \/][et_pb_contact_field _builder_version=\u00a0\u00bb3.11.1&Prime; field_id=\u00a0\u00bbRGPD\u00a0\u00bb field_title=\u00a0\u00bbPolitique de confidentialit\u00e9\u00a0\u00bb field_type=\u00a0\u00bbcheckbox\u00a0\u00bb checkbox_checked=\u00a0\u00bboff\u00a0\u00bb checkbox_options=\u00a0\u00bb%91{%22value%22:%22J&rsquo;autorise Sud Formation \u00e0 enregistrer mes donn\u00e9es (conforme RGPD).%22,%22checked%22:0}%93&Prime; radio_options=\u00a0\u00bb%91{%22value%22:%22%22,%22checked%22:0}%93&Prime; select_options=\u00a0\u00bb%91{%22value%22:%22%22,%22checked%22:0}%93&Prime; min_length=\u00a0\u00bb0&Prime; max_length=\u00a0\u00bb0&Prime; allowed_symbols=\u00a0\u00bball\u00a0\u00bb required_mark=\u00a0\u00bbon\u00a0\u00bb conditional_logic=\u00a0\u00bboff\u00a0\u00bb conditional_logic_relation=\u00a0\u00bboff\u00a0\u00bb conditional_logic_rules=\u00a0\u00bb%91{%22field%22:%22name%22,%22condition%22:%22is%22,%22value%22:%22%22}%93&Prime; use_background_color_gradient=\u00a0\u00bboff\u00a0\u00bb background_color_gradient_start=\u00a0\u00bb#2b87da\u00a0\u00bb background_color_gradient_end=\u00a0\u00bb#29c4a9&Prime; background_color_gradient_type=\u00a0\u00bblinear\u00a0\u00bb background_color_gradient_direction=\u00a0\u00bb180deg\u00a0\u00bb background_color_gradient_direction_radial=\u00a0\u00bbcenter\u00a0\u00bb background_color_gradient_start_position=\u00a0\u00bb0%\u00a0\u00bb background_color_gradient_end_position=\u00a0\u00bb100%\u00a0\u00bb background_color_gradient_overlays_image=\u00a0\u00bboff\u00a0\u00bb parallax=\u00a0\u00bboff\u00a0\u00bb parallax_method=\u00a0\u00bbon\u00a0\u00bb background_size=\u00a0\u00bbcover\u00a0\u00bb background_position=\u00a0\u00bbcenter\u00a0\u00bb background_repeat=\u00a0\u00bbno-repeat\u00a0\u00bb background_blend=\u00a0\u00bbnormal\u00a0\u00bb allow_player_pause=\u00a0\u00bboff\u00a0\u00bb background_video_pause_outside_viewport=\u00a0\u00bbon\u00a0\u00bb fullwidth_field=\u00a0\u00bbon\u00a0\u00bb form_field_text_shadow_style=\u00a0\u00bbnone\u00a0\u00bb box_shadow_style=\u00a0\u00bbnone\u00a0\u00bb form_field_text_shadow_horizontal_length=\u00a0\u00bb0em\u00a0\u00bb form_field_text_shadow_vertical_length=\u00a0\u00bb0em\u00a0\u00bb form_field_text_shadow_blur_strength=\u00a0\u00bb0em\u00a0\u00bb \/][\/et_pb_contact_form][\/et_pb_column][\/et_pb_row][\/et_pb_section]\n","protected":false},"excerpt":{"rendered":"<p>Contactez-nous ! Pour satisfaire vos besoins, SUD FORMATION s\u2019engage \u00e0 concevoir sur mesure une formation adapt\u00e9e aux besoins du (des) stagiaire(s). Vous pouvez nous contacter \u00e0 cette adresse contact@sudformation.com <div class=\"et_pb_row et_pb_row_0 et_pb_row_empty\">\n\t\t\t\t\n\t\t\t\t\n\t\t\t\t\n\t\t\t\t\n\t\t\t\t\n\t\t\t<\/div> &nbsp;<\/p>\n","protected":false},"author":1,"featured_media":0,"parent":0,"menu_order":0,"comment_status":"closed","ping_status":"closed","template":"","meta":{"_et_pb_use_builder":"on","_et_pb_old_content":"","_et_gb_content_width":"","footnotes":""},"class_list":["post-35","page","type-page","status-publish","hentry"],"yoast_head":"<!-- This site is optimized with the Yoast SEO plugin v27.5 - https:\/\/yoast.com\/product\/yoast-seo-wordpress\/ -->\n<title>SUD FORMATION Organisme de formation bas\u00e9 \u00e0 Montpellier.<\/title>\n<meta name=\"description\" content=\"SUD FORMATION organisme de formation, 25 ans d&#039;exp\u00e9rience au service de la formation, 1200 clients, 11 commerciaux sur 20 d\u00e9partements.\" \/>\n<meta name=\"robots\" content=\"index, follow, max-snippet:-1, max-image-preview:large, max-video-preview:-1\" \/>\n<link rel=\"canonical\" href=\"https:\/\/sudformation.com\/index.php\/contact\/\" \/>\n<meta property=\"og:locale\" content=\"fr_FR\" \/>\n<meta property=\"og:type\" content=\"article\" \/>\n<meta property=\"og:title\" content=\"SUD FORMATION Organisme de formation bas\u00e9 \u00e0 Montpellier.\" \/>\n<meta property=\"og:description\" content=\"SUD FORMATION organisme de formation, 25 ans d&#039;exp\u00e9rience au service de la formation, 1200 clients, 11 commerciaux sur 20 d\u00e9partements.\" \/>\n<meta property=\"og:url\" content=\"https:\/\/sudformation.com\/index.php\/contact\/\" \/>\n<meta property=\"og:site_name\" content=\"Sud Formation\" \/>\n<meta property=\"article:publisher\" content=\"https:\/\/www.facebook.com\/SudFormation\/\" \/>\n<meta property=\"article:modified_time\" content=\"2020-11-18T16:13:44+00:00\" \/>\n<meta property=\"og:image\" content=\"https:\/\/sudformation.com\/wp-content\/uploads\/2018\/07\/Contact-1-300x300.png\" \/>\n<meta name=\"twitter:card\" content=\"summary_large_image\" \/>\n<meta name=\"twitter:label1\" content=\"Dur\u00e9e de lecture estim\u00e9e\" \/>\n\t<meta name=\"twitter:data1\" content=\"3 minutes\" \/>\n<script type=\"application\/ld+json\" class=\"yoast-schema-graph\">{\"@context\":\"https:\\\/\\\/schema.org\",\"@graph\":[{\"@type\":\"WebPage\",\"@id\":\"https:\\\/\\\/sudformation.com\\\/index.php\\\/contact\\\/\",\"url\":\"https:\\\/\\\/sudformation.com\\\/index.php\\\/contact\\\/\",\"name\":\"SUD FORMATION Organisme de formation bas\u00e9 \u00e0 Montpellier.\",\"isPartOf\":{\"@id\":\"https:\\\/\\\/sudformation.com\\\/#website\"},\"primaryImageOfPage\":{\"@id\":\"https:\\\/\\\/sudformation.com\\\/index.php\\\/contact\\\/#primaryimage\"},\"image\":{\"@id\":\"https:\\\/\\\/sudformation.com\\\/index.php\\\/contact\\\/#primaryimage\"},\"thumbnailUrl\":\"https:\\\/\\\/sudformation.com\\\/wp-content\\\/uploads\\\/2018\\\/07\\\/Contact-1-300x300.png\",\"datePublished\":\"2018-07-17T14:07:09+00:00\",\"dateModified\":\"2020-11-18T16:13:44+00:00\",\"description\":\"SUD FORMATION organisme de formation, 25 ans d'exp\u00e9rience au service de la formation, 1200 clients, 11 commerciaux sur 20 d\u00e9partements.\",\"breadcrumb\":{\"@id\":\"https:\\\/\\\/sudformation.com\\\/index.php\\\/contact\\\/#breadcrumb\"},\"inLanguage\":\"fr-FR\",\"potentialAction\":[{\"@type\":\"ReadAction\",\"target\":[\"https:\\\/\\\/sudformation.com\\\/index.php\\\/contact\\\/\"]}]},{\"@type\":\"ImageObject\",\"inLanguage\":\"fr-FR\",\"@id\":\"https:\\\/\\\/sudformation.com\\\/index.php\\\/contact\\\/#primaryimage\",\"url\":\"https:\\\/\\\/sudformation.com\\\/wp-content\\\/uploads\\\/2018\\\/07\\\/Contact-1.png\",\"contentUrl\":\"https:\\\/\\\/sudformation.com\\\/wp-content\\\/uploads\\\/2018\\\/07\\\/Contact-1.png\",\"width\":1388,\"height\":1388},{\"@type\":\"BreadcrumbList\",\"@id\":\"https:\\\/\\\/sudformation.com\\\/index.php\\\/contact\\\/#breadcrumb\",\"itemListElement\":[{\"@type\":\"ListItem\",\"position\":1,\"name\":\"Accueil\",\"item\":\"https:\\\/\\\/sudformation.com\\\/\"},{\"@type\":\"ListItem\",\"position\":2,\"name\":\"Contact\"}]},{\"@type\":\"WebSite\",\"@id\":\"https:\\\/\\\/sudformation.com\\\/#website\",\"url\":\"https:\\\/\\\/sudformation.com\\\/\",\"name\":\"Sud Formation\",\"description\":\"La formation sur mesure\",\"potentialAction\":[{\"@type\":\"SearchAction\",\"target\":{\"@type\":\"EntryPoint\",\"urlTemplate\":\"https:\\\/\\\/sudformation.com\\\/?s={search_term_string}\"},\"query-input\":{\"@type\":\"PropertyValueSpecification\",\"valueRequired\":true,\"valueName\":\"search_term_string\"}}],\"inLanguage\":\"fr-FR\"}]}<\/script>\n<!-- \/ Yoast SEO plugin. -->","yoast_head_json":{"title":"SUD FORMATION Organisme de formation bas\u00e9 \u00e0 Montpellier.","description":"SUD FORMATION organisme de formation, 25 ans d'exp\u00e9rience au service de la formation, 1200 clients, 11 commerciaux sur 20 d\u00e9partements.","robots":{"index":"index","follow":"follow","max-snippet":"max-snippet:-1","max-image-preview":"max-image-preview:large","max-video-preview":"max-video-preview:-1"},"canonical":"https:\/\/sudformation.com\/index.php\/contact\/","og_locale":"fr_FR","og_type":"article","og_title":"SUD FORMATION Organisme de formation bas\u00e9 \u00e0 Montpellier.","og_description":"SUD FORMATION organisme de formation, 25 ans d'exp\u00e9rience au service de la formation, 1200 clients, 11 commerciaux sur 20 d\u00e9partements.","og_url":"https:\/\/sudformation.com\/index.php\/contact\/","og_site_name":"Sud Formation","article_publisher":"https:\/\/www.facebook.com\/SudFormation\/","article_modified_time":"2020-11-18T16:13:44+00:00","og_image":[{"url":"https:\/\/sudformation.com\/wp-content\/uploads\/2018\/07\/Contact-1-300x300.png","type":"","width":"","height":""}],"twitter_card":"summary_large_image","twitter_misc":{"Dur\u00e9e de lecture estim\u00e9e":"3 minutes"},"schema":{"@context":"https:\/\/schema.org","@graph":[{"@type":"WebPage","@id":"https:\/\/sudformation.com\/index.php\/contact\/","url":"https:\/\/sudformation.com\/index.php\/contact\/","name":"SUD FORMATION Organisme de formation bas\u00e9 \u00e0 Montpellier.","isPartOf":{"@id":"https:\/\/sudformation.com\/#website"},"primaryImageOfPage":{"@id":"https:\/\/sudformation.com\/index.php\/contact\/#primaryimage"},"image":{"@id":"https:\/\/sudformation.com\/index.php\/contact\/#primaryimage"},"thumbnailUrl":"https:\/\/sudformation.com\/wp-content\/uploads\/2018\/07\/Contact-1-300x300.png","datePublished":"2018-07-17T14:07:09+00:00","dateModified":"2020-11-18T16:13:44+00:00","description":"SUD FORMATION organisme de formation, 25 ans d'exp\u00e9rience au service de la formation, 1200 clients, 11 commerciaux sur 20 d\u00e9partements.","breadcrumb":{"@id":"https:\/\/sudformation.com\/index.php\/contact\/#breadcrumb"},"inLanguage":"fr-FR","potentialAction":[{"@type":"ReadAction","target":["https:\/\/sudformation.com\/index.php\/contact\/"]}]},{"@type":"ImageObject","inLanguage":"fr-FR","@id":"https:\/\/sudformation.com\/index.php\/contact\/#primaryimage","url":"https:\/\/sudformation.com\/wp-content\/uploads\/2018\/07\/Contact-1.png","contentUrl":"https:\/\/sudformation.com\/wp-content\/uploads\/2018\/07\/Contact-1.png","width":1388,"height":1388},{"@type":"BreadcrumbList","@id":"https:\/\/sudformation.com\/index.php\/contact\/#breadcrumb","itemListElement":[{"@type":"ListItem","position":1,"name":"Accueil","item":"https:\/\/sudformation.com\/"},{"@type":"ListItem","position":2,"name":"Contact"}]},{"@type":"WebSite","@id":"https:\/\/sudformation.com\/#website","url":"https:\/\/sudformation.com\/","name":"Sud Formation","description":"La formation sur mesure","potentialAction":[{"@type":"SearchAction","target":{"@type":"EntryPoint","urlTemplate":"https:\/\/sudformation.com\/?s={search_term_string}"},"query-input":{"@type":"PropertyValueSpecification","valueRequired":true,"valueName":"search_term_string"}}],"inLanguage":"fr-FR"}]}},"_links":{"self":[{"href":"https:\/\/sudformation.com\/index.php\/wp-json\/wp\/v2\/pages\/35","targetHints":{"allow":["GET"]}}],"collection":[{"href":"https:\/\/sudformation.com\/index.php\/wp-json\/wp\/v2\/pages"}],"about":[{"href":"https:\/\/sudformation.com\/index.php\/wp-json\/wp\/v2\/types\/page"}],"author":[{"embeddable":true,"href":"https:\/\/sudformation.com\/index.php\/wp-json\/wp\/v2\/users\/1"}],"replies":[{"embeddable":true,"href":"https:\/\/sudformation.com\/index.php\/wp-json\/wp\/v2\/comments?post=35"}],"version-history":[{"count":18,"href":"https:\/\/sudformation.com\/index.php\/wp-json\/wp\/v2\/pages\/35\/revisions"}],"predecessor-version":[{"id":323,"href":"https:\/\/sudformation.com\/index.php\/wp-json\/wp\/v2\/pages\/35\/revisions\/323"}],"wp:attachment":[{"href":"https:\/\/sudformation.com\/index.php\/wp-json\/wp\/v2\/media?parent=35"}],"curies":[{"name":"wp","href":"https:\/\/api.w.org\/{rel}","templated":true}]}}