{"id":386,"date":"2024-03-19T15:08:41","date_gmt":"2024-03-19T14:08:41","guid":{"rendered":"https:\/\/sudformation.com\/?page_id=386"},"modified":"2024-03-19T15:10:55","modified_gmt":"2024-03-19T14:10:55","slug":"386-2","status":"publish","type":"page","link":"https:\/\/sudformation.com\/index.php\/386-2\/","title":{"rendered":"RGPD"},"content":{"rendered":"\n[et_pb_section fb_built=\u00a0\u00bb1&Prime; theme_builder_area=\u00a0\u00bbpost_content\u00a0\u00bb _builder_version=\u00a0\u00bb4.23&Prime; _module_preset=\u00a0\u00bbdefault\u00a0\u00bb][et_pb_row _builder_version=\u00a0\u00bb4.23&Prime; _module_preset=\u00a0\u00bbdefault\u00a0\u00bb theme_builder_area=\u00a0\u00bbpost_content\u00a0\u00bb][et_pb_column _builder_version=\u00a0\u00bb4.23&Prime; _module_preset=\u00a0\u00bbdefault\u00a0\u00bb type=\u00a0\u00bb4_4&Prime; theme_builder_area=\u00a0\u00bbpost_content\u00a0\u00bb][et_pb_text _builder_version=\u00a0\u00bb4.23&Prime; _module_preset=\u00a0\u00bbdefault\u00a0\u00bb theme_builder_area=\u00a0\u00bbpost_content\u00a0\u00bb hover_enabled=\u00a0\u00bb0&Prime; sticky_enabled=\u00a0\u00bb0&Prime;]<h1 class=\"main-page-title page-title h0 scroll-trigger animate--fade-in\">RGPD<\/h1>\n<div class=\"rte scroll-trigger animate--slide-in\">\n<p class=\"\"><span class=\"\">Dans le cadre de son activit\u00e9, SUD FORMATION, dont le si\u00e8ge social est situ\u00e9 au 720 avenue des Sophoras &#8211; 34670 SAINT BRES, est amen\u00e9e \u00e0 collecter et \u00e0 traiter des informations dont certaines sont qualifi\u00e9es de \u00ab\u00a0donn\u00e9es personnelles\u00a0\u00bb.<\/span><\/p>\n<p class=\"\">Base l\u00e9gale<\/p>\n<p class=\"\"><span class=\"\">Les donn\u00e9es personnelles sont collect\u00e9es apr\u00e8s consentement obligatoire de l\u2019utilisateur. Ce consentement est recueilli, libre, clair et sans \u00e9quivoque. Nous utilisons ces donn\u00e9es afin de traiter les demandes de financement, la r\u00e9daction des conventions de formation; de mener des op\u00e9rations marketing (fid\u00e9lisation, promotions) aupr\u00e8s des clients qui les ont accept\u00e9s.<\/span><\/p>\n<p class=\"\">Donn\u00e9es personnelles<\/p>\n<p class=\"\"><span class=\"\">Sur le site web http:\/\/www.sudformation.com, 2 types de donn\u00e9es sont susceptibles d\u2019\u00eatre recueillies :<\/span><\/p>\n<p class=\"\"><span class=\"\">Les donn\u00e9es transmises directement par le client<\/span><\/p>\n<ul class=\"\">\n<li class=\"\"><span class=\"\">votre identit\u00e9 (civilit\u00e9, nom, pr\u00e9nom, adresse, adresse de livraison, num\u00e9ro de t\u00e9l\u00e9phone, adresse email, date de naissance, code interne de traitement permettant l&rsquo;identification du client, donn\u00e9es relatives \u00e0 l\u2019enregistrement sur des listes d\u2019opposition)<\/span><\/li>\n<\/ul>\n<p class=\"\"><span class=\"\">Les donn\u00e9es collect\u00e9es automatiquement (cookie). Les cookies sont de petits fichiers stock\u00e9s dans votre navigateur et\/ou dans votre ordinateur quand vous visitez certains sites internet. Une fois votre consentement donn\u00e9, les cookies nous permettent de recueillir les informations relatives \u00e0 la fa\u00e7on dont vous utilisez le site https:www.sudformation.com (dur\u00e9e de session, tracker les pages visit\u00e9es via Google Analytics, adresse IP, type et version du navigateur utilis\u00e9). Ces donn\u00e9es sont utilis\u00e9es par la SASU SUD FORMATION, responsable du traitement des donn\u00e9es, et ne seront jamais c\u00e9d\u00e9es \u00e0 un tiers ni utilis\u00e9es \u00e0 d\u2019autres fins que celles d\u00e9taill\u00e9es ci-dessus.<\/span><\/p>\n<p class=\"\"><span class=\"\">Nous ne conservons aucune information nous permettant de vous identifier personnellement. Seul un identifiant de session unique nous permet de retrouver votre profil utilisateur et vos pr\u00e9f\u00e9rences lors de votre prochaine connexion.<\/span><\/p>\n<p class=\"\">Conditions de collecte et de traitement des donn\u00e9es<\/p>\n<p class=\"\"><span class=\"\">La SASU SUD FORMATION est destinataire de l\u2019ensemble des cat\u00e9gories de donn\u00e9es. Les donn\u00e9es transmises directement sont utilis\u00e9es dans le but de <\/span><span class=\"\">vous (re)contacter.<\/span><\/p>\n<p class=\"\">Dur\u00e9e de conservation<\/p>\n<p class=\"\"><span class=\"\">Les donn\u00e9es personnelles sont conserv\u00e9es pendant toute la dur\u00e9e d\u2019existence du compte client et 10 ans au titre des obligations comptables.\u00a0<\/span><\/p>\n<p class=\"\">Cookies<\/p>\n<p class=\"\"><span class=\"\">Nous utilisons les cookies afin de m\u00e9moriser :<\/span><\/p>\n<ul class=\"\">\n<li class=\"\"><span class=\"\">vos informations de connexion \u00e0 notre site web;<\/span><\/li>\n<li class=\"\"><span class=\"\">vos pr\u00e9f\u00e9rences de navigation (langue, police, etc.);<\/span><\/li>\n<li class=\"\"><span class=\"\">mesurer notre audience en collectant les informations d\u2019analyse via Cookie Google Analytics.<\/span><\/li>\n<\/ul>\n<p class=\"\">Vos droits concernant les donn\u00e9es personnelles<\/p>\n<p class=\"\"><span class=\"\">Vous pouvez consulter, modifier, rectifier et\/ou effacer l\u2019ensemble de vos donn\u00e9es personnelles. Vous disposez \u00e9galement d\u2019un droit \u00e0 la limitation de l\u2019utilisation, d\u2019un droit \u00e0 la portabilit\u00e9 et d\u2019un droit de retrait de votre consentement au traitement de vos donn\u00e9es personnelles. Vous pouvez nous contacter par email :\u00a0<\/span><a href=\"mailto:contact@nutripure.fr\" class=\"\"><span class=\"\">contact@sudformation.com<\/span><\/a><span class=\"\"> ou par voie postale (SASU SUD FORMATION &#8211; 720 avenue des Sophoras &#8211; 34670 SAINT BRES pour exercer ces droits ou pour toute question sur le traitement de vos donn\u00e9es dans ce dispositif.<\/span><\/p>\n<p class=\"\">Contacter la CNIL<\/p>\n<p class=\"\"><span class=\"\">En savoir plus sur les cookies : http:\/\/www.cnil.fr\/vos-libertes\/vos-traces\/les-cookies<\/span><\/p>\n<\/div>[\/et_pb_text][\/et_pb_column][\/et_pb_row][\/et_pb_section]\n","protected":false},"excerpt":{"rendered":"<p>RGPD Dans le cadre de son activit\u00e9, SUD FORMATION, dont le si\u00e8ge social est situ\u00e9 au 720 avenue des Sophoras &#8211; 34670 SAINT BRES, est amen\u00e9e \u00e0 collecter et \u00e0 traiter des informations dont certaines sont qualifi\u00e9es de \u00ab\u00a0donn\u00e9es personnelles\u00a0\u00bb. Base l\u00e9gale Les donn\u00e9es personnelles sont collect\u00e9es apr\u00e8s consentement obligatoire de l\u2019utilisateur. Ce consentement est [&hellip;]<\/p>\n","protected":false},"author":1,"featured_media":0,"parent":0,"menu_order":0,"comment_status":"closed","ping_status":"closed","template":"","meta":{"_et_pb_use_builder":"on","_et_pb_old_content":"","_et_gb_content_width":"","footnotes":""},"class_list":["post-386","page","type-page","status-publish","hentry"],"yoast_head":"<!-- This site is optimized with the Yoast SEO plugin v27.5 - https:\/\/yoast.com\/product\/yoast-seo-wordpress\/ -->\n<title>RGPD - Sud Formation<\/title>\n<meta name=\"description\" content=\"RGPD\" \/>\n<meta name=\"robots\" content=\"index, follow, max-snippet:-1, max-image-preview:large, max-video-preview:-1\" \/>\n<link rel=\"canonical\" href=\"https:\/\/sudformation.com\/index.php\/386-2\/\" \/>\n<meta property=\"og:locale\" content=\"fr_FR\" \/>\n<meta property=\"og:type\" content=\"article\" \/>\n<meta property=\"og:title\" content=\"RGPD - Sud Formation\" \/>\n<meta property=\"og:description\" content=\"RGPD\" \/>\n<meta property=\"og:url\" content=\"https:\/\/sudformation.com\/index.php\/386-2\/\" \/>\n<meta property=\"og:site_name\" content=\"Sud Formation\" \/>\n<meta property=\"article:publisher\" content=\"https:\/\/www.facebook.com\/SudFormation\/\" \/>\n<meta property=\"article:modified_time\" content=\"2024-03-19T14:10:55+00:00\" \/>\n<meta name=\"twitter:card\" content=\"summary_large_image\" \/>\n<meta name=\"twitter:label1\" content=\"Dur\u00e9e de lecture estim\u00e9e\" \/>\n\t<meta name=\"twitter:data1\" content=\"3 minutes\" \/>\n<script type=\"application\/ld+json\" class=\"yoast-schema-graph\">{\"@context\":\"https:\\\/\\\/schema.org\",\"@graph\":[{\"@type\":\"WebPage\",\"@id\":\"https:\\\/\\\/sudformation.com\\\/index.php\\\/386-2\\\/\",\"url\":\"https:\\\/\\\/sudformation.com\\\/index.php\\\/386-2\\\/\",\"name\":\"RGPD - Sud Formation\",\"isPartOf\":{\"@id\":\"https:\\\/\\\/sudformation.com\\\/#website\"},\"datePublished\":\"2024-03-19T14:08:41+00:00\",\"dateModified\":\"2024-03-19T14:10:55+00:00\",\"description\":\"RGPD\",\"breadcrumb\":{\"@id\":\"https:\\\/\\\/sudformation.com\\\/index.php\\\/386-2\\\/#breadcrumb\"},\"inLanguage\":\"fr-FR\",\"potentialAction\":[{\"@type\":\"ReadAction\",\"target\":[\"https:\\\/\\\/sudformation.com\\\/index.php\\\/386-2\\\/\"]}]},{\"@type\":\"BreadcrumbList\",\"@id\":\"https:\\\/\\\/sudformation.com\\\/index.php\\\/386-2\\\/#breadcrumb\",\"itemListElement\":[{\"@type\":\"ListItem\",\"position\":1,\"name\":\"Accueil\",\"item\":\"https:\\\/\\\/sudformation.com\\\/\"},{\"@type\":\"ListItem\",\"position\":2,\"name\":\"RGPD\"}]},{\"@type\":\"WebSite\",\"@id\":\"https:\\\/\\\/sudformation.com\\\/#website\",\"url\":\"https:\\\/\\\/sudformation.com\\\/\",\"name\":\"Sud Formation\",\"description\":\"La formation sur mesure\",\"potentialAction\":[{\"@type\":\"SearchAction\",\"target\":{\"@type\":\"EntryPoint\",\"urlTemplate\":\"https:\\\/\\\/sudformation.com\\\/?s={search_term_string}\"},\"query-input\":{\"@type\":\"PropertyValueSpecification\",\"valueRequired\":true,\"valueName\":\"search_term_string\"}}],\"inLanguage\":\"fr-FR\"}]}<\/script>\n<!-- \/ Yoast SEO plugin. -->","yoast_head_json":{"title":"RGPD - Sud Formation","description":"RGPD","robots":{"index":"index","follow":"follow","max-snippet":"max-snippet:-1","max-image-preview":"max-image-preview:large","max-video-preview":"max-video-preview:-1"},"canonical":"https:\/\/sudformation.com\/index.php\/386-2\/","og_locale":"fr_FR","og_type":"article","og_title":"RGPD - Sud Formation","og_description":"RGPD","og_url":"https:\/\/sudformation.com\/index.php\/386-2\/","og_site_name":"Sud Formation","article_publisher":"https:\/\/www.facebook.com\/SudFormation\/","article_modified_time":"2024-03-19T14:10:55+00:00","twitter_card":"summary_large_image","twitter_misc":{"Dur\u00e9e de lecture estim\u00e9e":"3 minutes"},"schema":{"@context":"https:\/\/schema.org","@graph":[{"@type":"WebPage","@id":"https:\/\/sudformation.com\/index.php\/386-2\/","url":"https:\/\/sudformation.com\/index.php\/386-2\/","name":"RGPD - Sud Formation","isPartOf":{"@id":"https:\/\/sudformation.com\/#website"},"datePublished":"2024-03-19T14:08:41+00:00","dateModified":"2024-03-19T14:10:55+00:00","description":"RGPD","breadcrumb":{"@id":"https:\/\/sudformation.com\/index.php\/386-2\/#breadcrumb"},"inLanguage":"fr-FR","potentialAction":[{"@type":"ReadAction","target":["https:\/\/sudformation.com\/index.php\/386-2\/"]}]},{"@type":"BreadcrumbList","@id":"https:\/\/sudformation.com\/index.php\/386-2\/#breadcrumb","itemListElement":[{"@type":"ListItem","position":1,"name":"Accueil","item":"https:\/\/sudformation.com\/"},{"@type":"ListItem","position":2,"name":"RGPD"}]},{"@type":"WebSite","@id":"https:\/\/sudformation.com\/#website","url":"https:\/\/sudformation.com\/","name":"Sud Formation","description":"La formation sur mesure","potentialAction":[{"@type":"SearchAction","target":{"@type":"EntryPoint","urlTemplate":"https:\/\/sudformation.com\/?s={search_term_string}"},"query-input":{"@type":"PropertyValueSpecification","valueRequired":true,"valueName":"search_term_string"}}],"inLanguage":"fr-FR"}]}},"_links":{"self":[{"href":"https:\/\/sudformation.com\/index.php\/wp-json\/wp\/v2\/pages\/386","targetHints":{"allow":["GET"]}}],"collection":[{"href":"https:\/\/sudformation.com\/index.php\/wp-json\/wp\/v2\/pages"}],"about":[{"href":"https:\/\/sudformation.com\/index.php\/wp-json\/wp\/v2\/types\/page"}],"author":[{"embeddable":true,"href":"https:\/\/sudformation.com\/index.php\/wp-json\/wp\/v2\/users\/1"}],"replies":[{"embeddable":true,"href":"https:\/\/sudformation.com\/index.php\/wp-json\/wp\/v2\/comments?post=386"}],"version-history":[{"count":3,"href":"https:\/\/sudformation.com\/index.php\/wp-json\/wp\/v2\/pages\/386\/revisions"}],"predecessor-version":[{"id":390,"href":"https:\/\/sudformation.com\/index.php\/wp-json\/wp\/v2\/pages\/386\/revisions\/390"}],"wp:attachment":[{"href":"https:\/\/sudformation.com\/index.php\/wp-json\/wp\/v2\/media?parent=386"}],"curies":[{"name":"wp","href":"https:\/\/api.w.org\/{rel}","templated":true}]}}